{"id":86,"date":"2025-03-07T15:04:42","date_gmt":"2025-03-07T15:04:42","guid":{"rendered":"https:\/\/otto.dickmeiss.net\/?page_id=86"},"modified":"2025-03-13T22:30:03","modified_gmt":"2025-03-13T22:30:03","slug":"about-2","status":"publish","type":"page","link":"https:\/\/otto.dickmeiss.net\/?page_id=86","title":{"rendered":"About"},"content":{"rendered":"\n<div class=\"wp-block-columns is-layout-flex wp-container-core-columns-is-layout-28f84493 wp-block-columns-is-layout-flex\">\n<div class=\"wp-block-column is-layout-flow wp-block-column-is-layout-flow\" style=\"flex-basis:100%\"><\/div>\n<\/div>\n\n\n\n<div class=\"wp-block-group is-nowrap is-layout-flex wp-container-core-group-is-layout-6c531013 wp-block-group-is-layout-flex\">\n<figure class=\"wp-block-image size-full is-resized\"><img loading=\"lazy\" decoding=\"async\" width=\"150\" height=\"105\" src=\"https:\/\/otto.dickmeiss.net\/wp-content\/uploads\/2025\/03\/Otto-profil.jpg\" alt=\"\" class=\"wp-image-79\" style=\"width:153px;height:auto\"\/><\/figure>\n\n\n\n<p class=\"has-text-align-center\"><\/p>\n<\/div>\n\n\n\n<p>Mennesker med store hoveder og sm\u00e5 kroppe. Det er noget af det f\u00f8rste, man l\u00e6gger m\u00e6rke til hos illustrator Otto Dickmeiss. Ser man n\u00e6rmere efter, opdager man, at det overvejende er b\u00f8rn, der m\u00e5 b\u00e6re rundt p\u00e5 store hoveder. Og det hvad enten de har s\u00f8rgmodige \u00f8jne, som i teksterne af Louis Jensen og H.C. Andersen, eller store grinende munde, som i billedbogen af Kim Fupz Aakeson.<br>En stor del af Otto Dickmeiss\u2019 produktion best\u00e5r af illustrationer til Gyldendals letl\u00e6sningsb\u00f8ger, Dingo-serien. Med en s\u00f8d og n\u00e6sten naivistisk streg iscenes\u00e6tter han hverdagen og fantasien p\u00e5 humoristisk vis. Dickmeiss har dog is\u00e6r sl\u00e5et sit navn fast som en kompetent fortolker af H.C. Andersens eventyr, et hverv som traditionelt har talt nogle af de mest betydningsfulde illustratorer i Danmark. Her lader Dickmeiss surrealismen blomstre i st\u00f8vede farver og fine penselstr\u00f8g, hvilket resulterer i s\u00f8dmefyldte, men ogs\u00e5 foruroligende billeder.<\/p>\n","protected":false},"excerpt":{"rendered":"<p>Mennesker med store hoveder og sm\u00e5 kroppe. Det er noget af det f\u00f8rste, man l\u00e6gger m\u00e6rke til hos illustrator Otto Dickmeiss. Ser man n\u00e6rmere efter, opdager man, at det overvejende er b\u00f8rn, der m\u00e5 b\u00e6re rundt p\u00e5 store hoveder. Og det hvad enten de har s\u00f8rgmodige \u00f8jne, som i teksterne af Louis Jensen og H.C. [&hellip;]<\/p>\n","protected":false},"author":3,"featured_media":0,"parent":0,"menu_order":0,"comment_status":"closed","ping_status":"closed","template":"","meta":{"footnotes":""},"class_list":["post-86","page","type-page","status-publish","hentry"],"_links":{"self":[{"href":"https:\/\/otto.dickmeiss.net\/index.php?rest_route=\/wp\/v2\/pages\/86","targetHints":{"allow":["GET"]}}],"collection":[{"href":"https:\/\/otto.dickmeiss.net\/index.php?rest_route=\/wp\/v2\/pages"}],"about":[{"href":"https:\/\/otto.dickmeiss.net\/index.php?rest_route=\/wp\/v2\/types\/page"}],"author":[{"embeddable":true,"href":"https:\/\/otto.dickmeiss.net\/index.php?rest_route=\/wp\/v2\/users\/3"}],"replies":[{"embeddable":true,"href":"https:\/\/otto.dickmeiss.net\/index.php?rest_route=%2Fwp%2Fv2%2Fcomments&post=86"}],"version-history":[{"count":11,"href":"https:\/\/otto.dickmeiss.net\/index.php?rest_route=\/wp\/v2\/pages\/86\/revisions"}],"predecessor-version":[{"id":191,"href":"https:\/\/otto.dickmeiss.net\/index.php?rest_route=\/wp\/v2\/pages\/86\/revisions\/191"}],"wp:attachment":[{"href":"https:\/\/otto.dickmeiss.net\/index.php?rest_route=%2Fwp%2Fv2%2Fmedia&parent=86"}],"curies":[{"name":"wp","href":"https:\/\/api.w.org\/{rel}","templated":true}]}}